{"id":750,"date":"2021-03-03T12:39:04","date_gmt":"2021-03-03T12:39:04","guid":{"rendered":"https:\/\/www.bodegasadria.com\/?post_type=product&#038;p=750"},"modified":"2026-03-20T11:50:18","modified_gmt":"2026-03-20T11:50:18","slug":"bodegas-adria-el-toleiro","status":"publish","type":"product","link":"https:\/\/www.bodegasadria.com\/en\/product\/bodegas-adria-el-toleiro\/","title":{"rendered":"Bodegas Adria El Toleiro"},"content":{"rendered":"<p>Type of wine: <strong>White<\/strong><br \/>\nProduction: <strong>1.000 bottles<\/strong><br \/>\nVariety: <strong>100% Godello<\/strong><br \/>\nType of botlle: <strong>Burgundy<\/strong><br \/>\nAlcohol by volume: <strong>13\u00ba<\/strong><\/p>\n<p><strong>Characteristics of the vineyard:<\/strong> 40-year-old vines with a yield of 6,000kg \/ ht<br \/>\n<strong>Harvest:<\/strong> mid-September, manual collection in 15 kg cases<br \/>\n<strong>Elaboration:<\/strong> 12h cold maceration, 12-day fermentation in stainless steel tanks and aging on lees in French oak barrels for 12 months.<\/p>\n<p><b>93 <\/b><b>points<\/b> Tim Atkim (2019)<\/p>\n<p><b>9<\/b><b>1<\/b><b> points<\/b><b>\u00a0<\/b>Gu\u00eda Pe\u00f1\u00edn (2019)<\/p>\n<p><b>17\/20 <\/b><b>points<\/b> Jancis Robinson (2017)<\/p>","protected":false},"excerpt":{"rendered":"<p>Type of wine: White Production: 1.000 bottles Variety: 100% Godello Type of botlle: Burgundy Alcohol by volume: 13\u00ba<\/p>\n","protected":false},"featured_media":1933,"comment_status":"open","ping_status":"closed","template":"","meta":[],"product_brand":[],"product_cat":[18,16],"product_tag":[],"class_list":{"0":"post-750","1":"product","2":"type-product","3":"status-publish","4":"has-post-thumbnail","6":"product_cat-vino","7":"product_cat-blancos","9":"first","10":"instock","11":"taxable","12":"shipping-taxable","13":"purchasable","14":"product-type-simple","15":"thumb-no-effect","16":"prod-rating-on","17":"prod-has-rating"},"_links":{"self":[{"href":"https:\/\/www.bodegasadria.com\/en\/wp-json\/wp\/v2\/product\/750","targetHints":{"allow":["GET"]}}],"collection":[{"href":"https:\/\/www.bodegasadria.com\/en\/wp-json\/wp\/v2\/product"}],"about":[{"href":"https:\/\/www.bodegasadria.com\/en\/wp-json\/wp\/v2\/types\/product"}],"replies":[{"embeddable":true,"href":"https:\/\/www.bodegasadria.com\/en\/wp-json\/wp\/v2\/comments?post=750"}],"wp:featuredmedia":[{"embeddable":true,"href":"https:\/\/www.bodegasadria.com\/en\/wp-json\/wp\/v2\/media\/1933"}],"wp:attachment":[{"href":"https:\/\/www.bodegasadria.com\/en\/wp-json\/wp\/v2\/media?parent=750"}],"wp:term":[{"taxonomy":"product_brand","embeddable":true,"href":"https:\/\/www.bodegasadria.com\/en\/wp-json\/wp\/v2\/product_brand?post=750"},{"taxonomy":"product_cat","embeddable":true,"href":"https:\/\/www.bodegasadria.com\/en\/wp-json\/wp\/v2\/product_cat?post=750"},{"taxonomy":"product_tag","embeddable":true,"href":"https:\/\/www.bodegasadria.com\/en\/wp-json\/wp\/v2\/product_tag?post=750"}],"curies":[{"name":"wp","href":"https:\/\/api.w.org\/{rel}","templated":true}]}}