{"id":58,"date":"2020-04-15T09:27:16","date_gmt":"2020-04-15T09:27:16","guid":{"rendered":"https:\/\/www.bodegasadria.com\/?post_type=product&#038;p=58"},"modified":"2025-02-20T11:02:04","modified_gmt":"2025-02-20T11:02:04","slug":"adria-etapa-24","status":"publish","type":"product","link":"https:\/\/www.bodegasadria.com\/en\/product\/adria-etapa-24\/","title":{"rendered":"Etapa 24 Godello l\u00edas"},"content":{"rendered":"<p>Type of wine: <strong>White<\/strong><br \/>\nProduction: <strong>4.000 bottles<\/strong><br \/>\nVariety: <strong>100% Godello<\/strong><br \/>\nType of botlle: <strong>Burgundy<\/strong><br \/>\nAlcohol by volume: <strong>13\u00ba<\/strong><\/p>\n<p><strong>Characteristics of the vineyard:<\/strong> 40-year-old vines with a yield of 6,000kg \/ ht<br \/>\n<strong>Harvest:<\/strong> mid-September, manual collection in 15 kg cases<br \/>\n<strong>Elaboration:<\/strong> 12h cold maceration, 12-day fermentation in stainless steel tanks and aging on lees for 6 months.<\/p>\n<p><b>91 points <\/b>Tim Atkin (2020)<\/p>\n<p><b>91 <\/b><b>points <\/b>Gu\u00eda Pe\u00f1\u00edn (2020)<\/p>\n<p><b>91 points <\/b>Decanter (2018)<\/p>\n<p><b>9<\/b><b>2<\/b><b> point<\/b><b>s <\/b>Gu\u00eda Pe\u00f1\u00edn (2016-2018-2019)<\/p>","protected":false},"excerpt":{"rendered":"<p>Type of wine: White Production: 4.000 bottles Variety: 100% Godello Type of botlle: Burgundy Alcohol by volume: 13\u00ba<\/p>\n","protected":false},"featured_media":1822,"comment_status":"open","ping_status":"closed","template":"","meta":[],"product_brand":[],"product_cat":[18,16],"product_tag":[],"class_list":{"0":"post-58","1":"product","2":"type-product","3":"status-publish","4":"has-post-thumbnail","6":"product_cat-vino","7":"product_cat-blancos","9":"first","10":"instock","11":"taxable","12":"shipping-taxable","13":"purchasable","14":"product-type-simple","15":"thumb-no-effect","16":"prod-rating-on","17":"prod-has-rating"},"_links":{"self":[{"href":"https:\/\/www.bodegasadria.com\/en\/wp-json\/wp\/v2\/product\/58","targetHints":{"allow":["GET"]}}],"collection":[{"href":"https:\/\/www.bodegasadria.com\/en\/wp-json\/wp\/v2\/product"}],"about":[{"href":"https:\/\/www.bodegasadria.com\/en\/wp-json\/wp\/v2\/types\/product"}],"replies":[{"embeddable":true,"href":"https:\/\/www.bodegasadria.com\/en\/wp-json\/wp\/v2\/comments?post=58"}],"wp:featuredmedia":[{"embeddable":true,"href":"https:\/\/www.bodegasadria.com\/en\/wp-json\/wp\/v2\/media\/1822"}],"wp:attachment":[{"href":"https:\/\/www.bodegasadria.com\/en\/wp-json\/wp\/v2\/media?parent=58"}],"wp:term":[{"taxonomy":"product_brand","embeddable":true,"href":"https:\/\/www.bodegasadria.com\/en\/wp-json\/wp\/v2\/product_brand?post=58"},{"taxonomy":"product_cat","embeddable":true,"href":"https:\/\/www.bodegasadria.com\/en\/wp-json\/wp\/v2\/product_cat?post=58"},{"taxonomy":"product_tag","embeddable":true,"href":"https:\/\/www.bodegasadria.com\/en\/wp-json\/wp\/v2\/product_tag?post=58"}],"curies":[{"name":"wp","href":"https:\/\/api.w.org\/{rel}","templated":true}]}}