{"id":56,"date":"2020-04-15T09:26:29","date_gmt":"2020-04-15T09:26:29","guid":{"rendered":"https:\/\/www.bodegasadria.com\/?post_type=product&#038;p=56"},"modified":"2025-02-20T11:02:29","modified_gmt":"2025-02-20T11:02:29","slug":"adria-velvet","status":"publish","type":"product","link":"https:\/\/www.bodegasadria.com\/en\/product\/adria-velvet\/","title":{"rendered":"Adri\u00e1 Velvet"},"content":{"rendered":"<p>Type of Wine: <strong>Tinto<\/strong><br \/>\nProduction: <strong>1.500 bottles<\/strong><br \/>\nVariety: <strong>100% MENC\u00cdA<\/strong><br \/>\nType of botlle: <strong>Burgundy<\/strong><br \/>\nAlcohol: <strong>14\u00ba<\/strong><\/p>\n<p><strong>Characteristics of the vineyard:<\/strong> 60-year-old vines, slopes between 700m of altitude, with a yield of 5,000kg \/ ht<br \/>\n<strong>Harvest:<\/strong> mid-September, manual collection in 15 kg boxes<br \/>\n<strong>Elaboration:<\/strong> 24-hour cold maceration, fermentation in wooden vats for 18 days and aging on lees in French oak barrels for 12 months.<\/p>\n<p><b>9<\/b><b>1<\/b> <b>point<\/b><b>s <\/b>Gu\u00eda Pe\u00f1\u00edn (2019)<\/p>\n<p><b>92 <\/b><b>points<\/b> Tim Atkim (2018)<\/p>\n<p><b>17\/20 <\/b><b>points<\/b> Jancis Robinson (2018)<\/p>","protected":false},"excerpt":{"rendered":"<p>Type of Wine: Tinto Production: 1.500 bottles Variety: 100% MENC\u00cdA Type of botlle: Burgundy Alcohol: 14\u00ba<\/p>\n","protected":false},"featured_media":383,"comment_status":"open","ping_status":"closed","template":"","meta":[],"product_brand":[],"product_cat":[18,17],"product_tag":[],"class_list":{"0":"post-56","1":"product","2":"type-product","3":"status-publish","4":"has-post-thumbnail","6":"product_cat-vino","7":"product_cat-tintos","9":"first","10":"instock","11":"taxable","12":"shipping-taxable","13":"purchasable","14":"product-type-simple","15":"thumb-no-effect","16":"prod-rating-on","17":"prod-has-rating"},"_links":{"self":[{"href":"https:\/\/www.bodegasadria.com\/en\/wp-json\/wp\/v2\/product\/56","targetHints":{"allow":["GET"]}}],"collection":[{"href":"https:\/\/www.bodegasadria.com\/en\/wp-json\/wp\/v2\/product"}],"about":[{"href":"https:\/\/www.bodegasadria.com\/en\/wp-json\/wp\/v2\/types\/product"}],"replies":[{"embeddable":true,"href":"https:\/\/www.bodegasadria.com\/en\/wp-json\/wp\/v2\/comments?post=56"}],"wp:featuredmedia":[{"embeddable":true,"href":"https:\/\/www.bodegasadria.com\/en\/wp-json\/wp\/v2\/media\/383"}],"wp:attachment":[{"href":"https:\/\/www.bodegasadria.com\/en\/wp-json\/wp\/v2\/media?parent=56"}],"wp:term":[{"taxonomy":"product_brand","embeddable":true,"href":"https:\/\/www.bodegasadria.com\/en\/wp-json\/wp\/v2\/product_brand?post=56"},{"taxonomy":"product_cat","embeddable":true,"href":"https:\/\/www.bodegasadria.com\/en\/wp-json\/wp\/v2\/product_cat?post=56"},{"taxonomy":"product_tag","embeddable":true,"href":"https:\/\/www.bodegasadria.com\/en\/wp-json\/wp\/v2\/product_tag?post=56"}],"curies":[{"name":"wp","href":"https:\/\/api.w.org\/{rel}","templated":true}]}}