{"id":54,"date":"2019-02-07T09:25:11","date_gmt":"2019-02-07T09:25:11","guid":{"rendered":"https:\/\/www.bodegasadria.com\/?post_type=product&#038;p=54"},"modified":"2025-02-20T11:02:53","modified_gmt":"2025-02-20T11:02:53","slug":"adria-silk","status":"publish","type":"product","link":"https:\/\/www.bodegasadria.com\/en\/product\/adria-silk\/","title":{"rendered":"Adri\u00e1 Silk"},"content":{"rendered":"<p>Type of Wine: <strong>Tinto<\/strong><br \/>\nProduction: <strong>30.000 bottles<\/strong><br \/>\nVariety: <strong>100% MENC\u00cdA<\/strong><br \/>\nType of botlle: <strong>Burgundy<\/strong><br \/>\nAlcohol: <strong>14\u00ba<\/strong><\/p>\n<p><strong>Characteristics of the vineyard:<\/strong> 50-year-old vines, slopes between 500-600m of altitude, with a yield of 7,000kg \/ ht<br \/>\n<strong>Harvest:<\/strong> mid-September, manual collection in 15 kg boxes<br \/>\n<strong>Elaboration:<\/strong> cold maceration for 24 hours, fermentation for 12 days and aging on lees in French oak barrels for 8 months.<\/p>\n<p><b>91<\/b> <b>points <\/b>Gu\u00eda Pe\u00f1\u00edn (2021)<\/p>\n<p><b>8<\/b><b>8<\/b> <b>point<\/b><b>s <\/b>Tim Atkim (2020)<\/p>\n<p><b>89 <\/b><b>points<\/b> Decanter (2016)<\/p>","protected":false},"excerpt":{"rendered":"<p>Type of Wine: Tinto Production: 30.000 bottles Variety: 100% MENC\u00cdA Type of botlle: Burgundy Alcohol: 14\u00ba<\/p>\n","protected":false},"featured_media":353,"comment_status":"open","ping_status":"closed","template":"","meta":[],"product_brand":[],"product_cat":[18,17],"product_tag":[],"class_list":{"0":"post-54","1":"product","2":"type-product","3":"status-publish","4":"has-post-thumbnail","6":"product_cat-vino","7":"product_cat-tintos","9":"first","10":"instock","11":"taxable","12":"shipping-taxable","13":"purchasable","14":"product-type-simple","15":"thumb-no-effect","16":"prod-rating-on","17":"prod-has-rating"},"_links":{"self":[{"href":"https:\/\/www.bodegasadria.com\/en\/wp-json\/wp\/v2\/product\/54","targetHints":{"allow":["GET"]}}],"collection":[{"href":"https:\/\/www.bodegasadria.com\/en\/wp-json\/wp\/v2\/product"}],"about":[{"href":"https:\/\/www.bodegasadria.com\/en\/wp-json\/wp\/v2\/types\/product"}],"replies":[{"embeddable":true,"href":"https:\/\/www.bodegasadria.com\/en\/wp-json\/wp\/v2\/comments?post=54"}],"wp:featuredmedia":[{"embeddable":true,"href":"https:\/\/www.bodegasadria.com\/en\/wp-json\/wp\/v2\/media\/353"}],"wp:attachment":[{"href":"https:\/\/www.bodegasadria.com\/en\/wp-json\/wp\/v2\/media?parent=54"}],"wp:term":[{"taxonomy":"product_brand","embeddable":true,"href":"https:\/\/www.bodegasadria.com\/en\/wp-json\/wp\/v2\/product_brand?post=54"},{"taxonomy":"product_cat","embeddable":true,"href":"https:\/\/www.bodegasadria.com\/en\/wp-json\/wp\/v2\/product_cat?post=54"},{"taxonomy":"product_tag","embeddable":true,"href":"https:\/\/www.bodegasadria.com\/en\/wp-json\/wp\/v2\/product_tag?post=54"}],"curies":[{"name":"wp","href":"https:\/\/api.w.org\/{rel}","templated":true}]}}