{"id":22,"date":"2019-02-06T07:30:59","date_gmt":"2019-02-06T07:30:59","guid":{"rendered":"https:\/\/www.bodegasadria.com\/?post_type=product&#038;p=22"},"modified":"2025-02-20T11:03:47","modified_gmt":"2025-02-20T11:03:47","slug":"adria-godello","status":"publish","type":"product","link":"https:\/\/www.bodegasadria.com\/en\/product\/adria-godello\/","title":{"rendered":"Adri\u00e1 Godello"},"content":{"rendered":"<p>Type of Wine: <strong>Blanco<\/strong><br \/>\nProduction: <strong>10.000 bottles<\/strong><br \/>\nVariety: <strong>100% GODELLO<\/strong><br \/>\nType of botlle: <strong>Burgundy<\/strong><br \/>\nAlcohol by volume: <strong>13\u00ba<\/strong><\/p>\n<p><strong>Characteristics of the vineyard:<\/strong> 25-year-old vines, with a yield of 8,000kg \/ ht<br \/>\n<strong>Harvest:<\/strong> mid-September, manual collection in 15 kg cases<br \/>\n<strong>Elaboration:<\/strong> 12-hour cold maceration, 12-day fermentation in stainless steel tanks and aging on lees for 2 months<\/p>\n<p><b>88 points <\/b>Gu\u00eda Pe\u00f1\u00edn (2023)<\/p>\n<p><b>90 <\/b><b>points<\/b> Tim Atkim (2023)<\/p>\n<p><b>92 <\/b><b>points <\/b>Decanter (2020)<\/p>","protected":false},"excerpt":{"rendered":"<p>Type of Wine: Blanco Production: 10.000 bottles Variety: 100% GODELLO Type of botlle: Burgundy Alcohol by volume: 13\u00ba<\/p>\n","protected":false},"featured_media":385,"comment_status":"open","ping_status":"closed","template":"","meta":[],"product_brand":[],"product_cat":[18,17],"product_tag":[],"class_list":{"0":"post-22","1":"product","2":"type-product","3":"status-publish","4":"has-post-thumbnail","6":"product_cat-vino","7":"product_cat-tintos","9":"first","10":"instock","11":"taxable","12":"shipping-taxable","13":"purchasable","14":"product-type-simple","15":"thumb-no-effect","16":"prod-rating-on","17":"prod-has-rating"},"_links":{"self":[{"href":"https:\/\/www.bodegasadria.com\/en\/wp-json\/wp\/v2\/product\/22","targetHints":{"allow":["GET"]}}],"collection":[{"href":"https:\/\/www.bodegasadria.com\/en\/wp-json\/wp\/v2\/product"}],"about":[{"href":"https:\/\/www.bodegasadria.com\/en\/wp-json\/wp\/v2\/types\/product"}],"replies":[{"embeddable":true,"href":"https:\/\/www.bodegasadria.com\/en\/wp-json\/wp\/v2\/comments?post=22"}],"wp:featuredmedia":[{"embeddable":true,"href":"https:\/\/www.bodegasadria.com\/en\/wp-json\/wp\/v2\/media\/385"}],"wp:attachment":[{"href":"https:\/\/www.bodegasadria.com\/en\/wp-json\/wp\/v2\/media?parent=22"}],"wp:term":[{"taxonomy":"product_brand","embeddable":true,"href":"https:\/\/www.bodegasadria.com\/en\/wp-json\/wp\/v2\/product_brand?post=22"},{"taxonomy":"product_cat","embeddable":true,"href":"https:\/\/www.bodegasadria.com\/en\/wp-json\/wp\/v2\/product_cat?post=22"},{"taxonomy":"product_tag","embeddable":true,"href":"https:\/\/www.bodegasadria.com\/en\/wp-json\/wp\/v2\/product_tag?post=22"}],"curies":[{"name":"wp","href":"https:\/\/api.w.org\/{rel}","templated":true}]}}