{"id":1824,"date":"2025-01-21T06:23:37","date_gmt":"2025-01-21T06:23:37","guid":{"rendered":"https:\/\/www.bodegasadria.com\/?post_type=product&#038;p=1824"},"modified":"2026-03-20T10:43:08","modified_gmt":"2026-03-20T10:43:08","slug":"vina-barroca-rosado","status":"publish","type":"product","link":"https:\/\/www.bodegasadria.com\/en\/product\/vina-barroca-rosado\/","title":{"rendered":"Vi\u00f1a Barroca Ros\u00e9"},"content":{"rendered":"<p>Type of wine: <strong>Ros\u00e9<\/strong><br \/>\nProduction: <strong>2.000 botlles<\/strong><br \/>\nVariety: <strong>100% MENC\u00cdA<\/strong><br \/>\nType of botlles: <strong>Burgundy<\/strong><br \/>\nAlcohol by volume: <strong>12,5\u00ba<\/strong><\/p>\n<p><strong>Characteristics of the vineyard:<\/strong> 30-year-old vines, slopes between 400-600m of altitude, with a yield of 10,000kg \/ ht<br \/>\n<strong>Harvest:<\/strong> mid-September, manual collection in 15 kg boxes<br \/>\n<strong>Elaboration:<\/strong> cold maceration for 24 hours, fermentation for 12 days and aging on lees for 2 months.<\/p>\n<p>&nbsp;<\/p>","protected":false},"excerpt":{"rendered":"<p>Type of wine: Ros\u00e9 Production: 2.000 botlles Variety: 100% MENC\u00cdA Type of botlles: Burgundy Alcohol by volume: 12,5\u00ba<\/p>\n","protected":false},"featured_media":1924,"comment_status":"open","ping_status":"closed","template":"","meta":[],"product_brand":[],"product_cat":[18,17],"product_tag":[],"class_list":{"0":"post-1824","1":"product","2":"type-product","3":"status-publish","4":"has-post-thumbnail","6":"product_cat-vino","7":"product_cat-tintos","9":"first","10":"instock","11":"taxable","12":"shipping-taxable","13":"purchasable","14":"product-type-simple","15":"thumb-no-effect","16":"prod-rating-on","17":"prod-has-rating"},"_links":{"self":[{"href":"https:\/\/www.bodegasadria.com\/en\/wp-json\/wp\/v2\/product\/1824","targetHints":{"allow":["GET"]}}],"collection":[{"href":"https:\/\/www.bodegasadria.com\/en\/wp-json\/wp\/v2\/product"}],"about":[{"href":"https:\/\/www.bodegasadria.com\/en\/wp-json\/wp\/v2\/types\/product"}],"replies":[{"embeddable":true,"href":"https:\/\/www.bodegasadria.com\/en\/wp-json\/wp\/v2\/comments?post=1824"}],"wp:featuredmedia":[{"embeddable":true,"href":"https:\/\/www.bodegasadria.com\/en\/wp-json\/wp\/v2\/media\/1924"}],"wp:attachment":[{"href":"https:\/\/www.bodegasadria.com\/en\/wp-json\/wp\/v2\/media?parent=1824"}],"wp:term":[{"taxonomy":"product_brand","embeddable":true,"href":"https:\/\/www.bodegasadria.com\/en\/wp-json\/wp\/v2\/product_brand?post=1824"},{"taxonomy":"product_cat","embeddable":true,"href":"https:\/\/www.bodegasadria.com\/en\/wp-json\/wp\/v2\/product_cat?post=1824"},{"taxonomy":"product_tag","embeddable":true,"href":"https:\/\/www.bodegasadria.com\/en\/wp-json\/wp\/v2\/product_tag?post=1824"}],"curies":[{"name":"wp","href":"https:\/\/api.w.org\/{rel}","templated":true}]}}