{"id":318,"date":"2019-03-22T10:13:08","date_gmt":"2019-03-22T10:13:08","guid":{"rendered":"https:\/\/www.bodegasadria.com\/?page_id=318"},"modified":"2019-03-22T10:23:49","modified_gmt":"2019-03-22T10:23:49","slug":"politica-de-privacidad","status":"publish","type":"page","link":"https:\/\/www.bodegasadria.com\/en\/politica-de-privacidad\/","title":{"rendered":"POL\u00cdTICA DE PRIVACIDAD"},"content":{"rendered":"<div class=\"wpb-content-wrapper\"><p>[vc_row][vc_column][vc_column_text]<strong>POL\u00cdTICA DE PRIVACIDAD<\/strong><\/p>\n<p><strong>Responsable:<\/strong><\/p>\n<p>En cumplimiento de lo dispuesto en el Reglamento General de Protecci\u00f3n de Datos n\u00ba 2016\/679 de 27 de abril de 2016 (en adelante, \u201c<strong>RGPD<\/strong>\u201d), le informamos que los datos que nos facilite con ocasi\u00f3n de su registro en la web\u00a0<u>www.bodegasadria.com <\/u>(en adelante el \u201c<strong>Portal<\/strong>\u201d), as\u00ed como los derivados de la relaci\u00f3n comercial y\/o entrega de los productos adquiridos a trav\u00e9s del Portal, ser\u00e1n incorporados a un fichero, responsabilidad de\u00a0<strong>Bodegas Adri\u00e1 S.L.<\/strong>. (en adelante \u201c<strong>Bodegas Adri\u00e1<\/strong>\u201d), con C.I.F. \u00a0B-244160026 \u00a0y domicilio social en calle Ctra. Madrid-Coru\u00f1a Km 407, 24500 Villafranca del Bierzo, Le\u00f3n, Espa\u00f1a. Tlf. 987 54 09 07,\u00a0aperez@bodegasadria.com.<\/p>\n<p>&nbsp;<\/p>\n<p><strong>Finalidad:<\/strong><\/p>\n<p>La finalidad del tratamiento es la comercializaci\u00f3n de los productos ofrecidos por Bodegas Adri\u00e1 en el Portal, incluyendo el Servicio de Atenci\u00f3n al Cliente, la atenci\u00f3n de consultas y solicitudes de informaci\u00f3n, la entrega de los productos a los clientes, la facturaci\u00f3n y la gesti\u00f3n de reclamaciones.<\/p>\n<p>El tratamiento de datos tambi\u00e9n tendr\u00e1 como finalidad la elaboraci\u00f3n de estad\u00edsticas y perfiles con el fin de predecir aspectos relacionados con las preferencias personales y poder ofrecerle as\u00ed un asesoramiento personalizado y mejorar nuestros productos y servicios.<\/p>\n<p>Salvo que espec\u00edficamente se establezca lo contrario, todos los datos que le solicitamos en el proceso de registro en el Portal y los formularios disponibles en\u00a0<u>www.bodegasadria.com<\/u>\u00a0son obligatorios, de tal modo que la omisi\u00f3n de alguno de ellos podr\u00eda comportar la imposibilidad de que podamos prestarle los servicios solicitados y\/o atender sus solicitudes. Le rogamos que nos comunique inmediatamente cualquier modificaci\u00f3n de sus datos a fin de que la informaci\u00f3n contenida en nuestros ficheros est\u00e9 en todo momento actualizada y no contenga errores. En este sentido, Usted manifiesta que la informaci\u00f3n y los datos que nos facilita son exactos, actuales\u00a0 y veraces.<\/p>\n<p>El Usuario deber\u00e1 otorgar su consentimiento expreso e inequ\u00edvoco, aceptando la casilla habilitada al efecto en el proceso de registro, para que sus datos puedan ser tratados por Bodegas Adri\u00e1 con la finalidad de remitirle informaci\u00f3n comercial (incluyendo la newsletter electr\u00f3nica) sobre los productos comercializados por Bodegas Adri\u00e1, y sobre las actividades y servicios que desarrolla Bodegas Adri\u00e1, as\u00ed como terceras sociedades con las que Bodegas Adri\u00e1 mantenga acuerdos comerciales y que ofrezcan sus productos y servicios a trav\u00e9s del Sitio Web, por v\u00eda postal, correo electr\u00f3nico, SMS, o cualquier otro medio de comunicaci\u00f3n electr\u00f3nica equivalente, as\u00ed como para que sus datos sean tratados para realizar segmentaciones y\/o elaborar perfiles con id\u00e9ntica finalidad promocional o publicitaria, si bien adaptada a su perfil como usuario de los servicios de Bodegas Adri\u00e1.<\/p>\n<p><strong>Legitimaci\u00f3n:<\/strong><\/p>\n<p>La base legal sobre la que se desarrolla el tratamiento de datos es el consentimiento inequ\u00edvoco del usuario y la suscripci\u00f3n por parte de \u00e9ste del contrato por el que adquiere los productos o servicios. En cuanto a las actividades estad\u00edsticas, la base legal es nuestro inter\u00e9s leg\u00edtimo para mejorar nuestros productos y servicios.<\/p>\n<p><strong>Destinatarios:<\/strong><\/p>\n<p>Podemos compartir sus datos dentro del Grupo Bodegas Adri\u00e1 (sociedades filiales o participadas de Bodegas Adri\u00e1). Con ello podemos dar cumplimiento a la relaci\u00f3n contractual o comercial que nos haya solicitado el usuario y cumplir con fines administrativos del Grupo.<\/p>\n<p>Bodegas Adri\u00e1 nada m\u00e1s comunicar\u00e1 sus datos a terceros tras obtener su consentimiento inequ\u00edvoco previo o en cumplimiento de obligaciones legales.<\/p>\n<p>En los casos en los que el Usuario proporcione su n\u00famero de tarjeta con la finalidad de adquirir los productos solicitados, se comunica que este dato se transmite directamente al proveedor de pasarela de pagos REDSYS\/SERMEPA que es quien procede al almacenamiento seguro de dichos datos en sus servidores. Igualmente, usamos la plataforma de pagos PAYPAL, donde la gesti\u00f3n de datos bancarios que en ella se incluyan, con la finalidad de adquirir los productos seleccionados en nuestra plataforma de venta, son transmitidos directamente a trav\u00e9s de dicha pasarela de pagos. Para el ejercicio de sus derechos puede dirigirse a cada uno de estos proveedores en los t\u00e9rminos que se establezcan en sus pol\u00edticas de privacidad. Se informa al usuario que Bodegas Adri\u00e1 no tiene acceso en ning\u00fan momento a los datos de tarjeta proporcionados, y que la transmisi\u00f3n de estos datos es necesaria para la prestaci\u00f3n del servicio de pago por tarjeta o plataforma PAYPAL.<\/p>\n<p><strong>Tiempo de conservaci\u00f3n de los datos<\/strong><\/p>\n<p>Los datos personales ser\u00e1n conservados durante la vigencia de la relaci\u00f3n contractual con el usuario, salvo que el usuario autorice su tratamiento por un plazo superior. En todo caso, Bodegas Adri\u00e1 se reserva el derecho a conservar los datos de los usuarios en los casos en que ello fuera necesario para dar cumplimiento a las obligaciones y responsabilidades impuestas por las leyes o normas de obligado cumplimiento, o cuando fuera requerida para ello por mandato de autoridad competente con arreglo a Derecho.<\/p>\n<p><strong>Derechos<\/strong><\/p>\n<p>En cualquier momento, Usted podr\u00e1:<\/p>\n<p>&#8211;\u00a0Revocar en cualquier momento los consentimientos otorgados.<\/p>\n<p>&#8211;\u00a0Acceder a sus datos personales.<\/p>\n<p>&#8211; Rectificar los datos inexactos o incompletos.<\/p>\n<p>&#8211;\u00a0Solicitar la supresi\u00f3n de sus datos cuando, entre otros motivos, los datos ya no sean necesarios para los fines que fueron recogidos.<\/p>\n<p>&#8211; Obtener de Bodegas Adri\u00e1 la limitaci\u00f3n del tratamiento de los datos cuando se cumpla alguna de las condiciones previstas en la normativa de protecci\u00f3n de datos.<\/p>\n<p>&#8211; Solicitar la portabilidad de sus datos.<\/p>\n<p>&#8211; Se le informa igualmente de la existencia del derecho de oposici\u00f3n.<\/p>\n<p>&nbsp;<\/p>\n<p>Para ello, el Usuario puede:<\/p>\n<p>-Enviar una comunicaci\u00f3n escrita a, Bodegas Adri\u00e1 S.L. Dpto. Atenci\u00f3n al Cliente, Ctra. Madrid-Coru\u00f1a, Km 407 24500 Villafranca del Bierzo, Le\u00f3n, Espa\u00f1a, adjuntando una fotocopia de su DNI o documento oficial\u00a0que acredite su identidad.<\/p>\n<p>&#8211; Bien enviar un email a\u00a0<a href=\"mailto:clientes@lavinia.com\">aperez@bodegasadria.com<\/a>\u00a0indicando su Nombre, Apellidos, tel\u00e9fono de contacto y una fotocopia de su DNI o documento oficial que acredite su identidad.<\/p>\n<p>&nbsp;<\/p>\n<p>A la vez el usuario puede reclamar ante la Agencia Espa\u00f1ola de Protecci\u00f3n de Datos (www.agpd.es) cuando considere que se han vulnerado los derechos que le son reconocidos por la normativa aplicable de protecci\u00f3n de datos.<\/p>\n<p><strong>Seguridad del tratamiento<\/strong><\/p>\n<p>Por \u00faltimo, le informamos que Lavinia tratar\u00e1 sus datos en todo momento de forma absolutamente confidencial y guardando el preceptivo deber de secreto respecto de los mismos, de conformidad con lo previsto en la normativa de aplicaci\u00f3n, adoptando al efecto las medidas de \u00edndole t\u00e9cnica y organizativas necesarias que garanticen la seguridad de sus datos y eviten su alteraci\u00f3n, p\u00e9rdida, tratamiento o acceso no autorizado, habida cuenta del estado de la tecnolog\u00eda, la naturaleza de los datos almacenados y los riesgos a que est\u00e1n expuestos.[\/vc_column_text][\/vc_column][\/vc_row]<\/p>\n<\/div>","protected":false},"excerpt":{"rendered":"<p>[vc_row][vc_column][vc_column_text]POL\u00cdTICA DE PRIVACIDAD Responsable: En cumplimiento de lo dispuesto en el Reglamento General de Protecci\u00f3n de Datos n\u00ba 2016\/679 de 27 de abril de 2016 (en adelante, \u201cRGPD\u201d), le informamos que los datos que nos facilite con ocasi\u00f3n de su registro en la web\u00a0www.bodegasadria.com (en adelante el \u201cPortal\u201d), as\u00ed como&hellip;<\/p>\n","protected":false},"author":2,"featured_media":0,"parent":0,"menu_order":0,"comment_status":"closed","ping_status":"closed","template":"","meta":{"footnotes":""},"class_list":["post-318","page","type-page","status-publish","hentry"],"_links":{"self":[{"href":"https:\/\/www.bodegasadria.com\/en\/wp-json\/wp\/v2\/pages\/318","targetHints":{"allow":["GET"]}}],"collection":[{"href":"https:\/\/www.bodegasadria.com\/en\/wp-json\/wp\/v2\/pages"}],"about":[{"href":"https:\/\/www.bodegasadria.com\/en\/wp-json\/wp\/v2\/types\/page"}],"author":[{"embeddable":true,"href":"https:\/\/www.bodegasadria.com\/en\/wp-json\/wp\/v2\/users\/2"}],"replies":[{"embeddable":true,"href":"https:\/\/www.bodegasadria.com\/en\/wp-json\/wp\/v2\/comments?post=318"}],"version-history":[{"count":1,"href":"https:\/\/www.bodegasadria.com\/en\/wp-json\/wp\/v2\/pages\/318\/revisions"}],"predecessor-version":[{"id":319,"href":"https:\/\/www.bodegasadria.com\/en\/wp-json\/wp\/v2\/pages\/318\/revisions\/319"}],"wp:attachment":[{"href":"https:\/\/www.bodegasadria.com\/en\/wp-json\/wp\/v2\/media?parent=318"}],"curies":[{"name":"wp","href":"https:\/\/api.w.org\/{rel}","templated":true}]}}