{"id":316,"date":"2019-03-22T10:10:29","date_gmt":"2019-03-22T10:10:29","guid":{"rendered":"https:\/\/www.bodegasadria.com\/?page_id=316"},"modified":"2019-03-22T10:10:29","modified_gmt":"2019-03-22T10:10:29","slug":"terminos-y-condiciones","status":"publish","type":"page","link":"https:\/\/www.bodegasadria.com\/en\/terminos-y-condiciones\/","title":{"rendered":"T\u00e9rminos y Condiciones"},"content":{"rendered":"<div class=\"wpb-content-wrapper\"><p>[vc_row][vc_column][vc_column_text]<strong>T\u00e9rminos y Condiciones<\/strong><\/p>\n<p><strong>\u00a0<\/strong><\/p>\n<p><strong>\u00a0<\/strong><\/p>\n<p><strong>1.-\u00a0Objeto y generalidades<\/strong><\/p>\n<p>Los presentes T\u00e9rmnos y Condiciones Generales de Contrataci\u00f3n (en adelante, \u201c<strong>T\u00e9rminos y<\/strong> <strong>Condiciones<\/strong>\u201d), junto con las condiciones particulares que puedan establecerse, regulan las condiciones de compra de productos a trav\u00e9s del sitio web\u00a0<a href=\"https:\/\/www.lavinia.es\/\">www.bodegasadria.com<\/a>\u00a0(en adelante, el \u201c<strong>Sitio Web<\/strong>\u201d o el \u201c<strong>Portal<\/strong>\u201d), \u00a0titularidad de Bodegas Adri\u00e1 S.L. (en adelante\u00a0<strong>Bodegas Adri\u00e1<\/strong>), con C.I.F. B-244160026, inscrita en el Registro Mercantil de Le\u00f3n, Tomo 920 Folio 110, Hoja LE-11851,Inscripcion 1 cuyo domicilio social se encuentra en Antigua carretera General Madrid-Coru\u00f1a km 407-408, en Villafranca del Bierzo,\u00a0 Le\u00f3n.<\/p>\n<p>El uso de los servicios del Sitio Web, as\u00ed como la adquisici\u00f3n de cualquiera de los productos ofertados, supone la aceptaci\u00f3n del Usuario, sin reservas de ninguna clase, de todas y cada una de los presentes T\u00e9rminos y Condiciones. El registro en el Portal y el uso de los servicios conlleva que sus datos como Usuario pasar\u00e1n a formar parte de los ficheros de Bodegas Adri\u00e1, y su tratamiento ser\u00e1 conforme a lo previsto en la\u00a0Pol\u00edtica de Privacidad, que el Usuario declara expresamente conocer y aceptar.<\/p>\n<p>Bodegas Adri\u00e1 proporciona informaci\u00f3n acerca de productos, y ofrece la posibilidad de su adquisici\u00f3n a trav\u00e9s del Sitio Web.<\/p>\n<p>Los presentes T\u00e9rminos y Condiciones, junto con el\u00a0Aviso Legal\u00a0y la\u00a0Pol\u00edtica de Privacidad\u00a0del Sitio Web, son las \u00fanicas condiciones aplicables al uso del Portal y a la compra de los productos a trav\u00e9s del mismo y sustituyen a cualesquiera otras condiciones, salvo previo acuerdo y por escrito entre Bodegas Adri\u00e1 y el Usuario. En consecuencia, el Usuario que acceda al Sitio Web, se registre y realice la compra de productos a trav\u00e9s del Portal acepta someterse y queda vinculado por los T\u00e9rminos y Condiciones, el\u00a0Aviso Legal\u00a0y la\u00a0Pol\u00edtica de Privacidad\u00a0tal y como se hallen redactadas en el momento en que se acceda al Sitio Web.<\/p>\n<p>Todo Usuario que acceda al Sitio Web debe tener, al menos, dieciocho (18) a\u00f1os.<\/p>\n<p><strong>2.-\u00a0Informaci\u00f3n sobre los productos<\/strong><\/p>\n<p>Las fotograf\u00edas, representaciones gr\u00e1ficas o iconogr\u00e1ficas y v\u00eddeos relativos a los Productos de Bodegas Adri\u00e1, as\u00ed como nombres comerciales, marcas o signos distintivos de cualquier clase contenidos en el Sitio Web, tienen por objeto aportar la mayor informaci\u00f3n, no obstante, el Usuario ha de tener en cuenta que tienen un prop\u00f3sito orientativo y, en consecuencia, carecen de car\u00e1cter exhaustivo.<\/p>\n<p>Bodegas Adri\u00e1 se reserva el derecho a decidir, en cada momento, los productos ofrecidos a los Usuarios a trav\u00e9s del Portal. De este modo, Bodegas Adri\u00e1 podr\u00e1 en cualquier momento a\u00f1adir nuevos productos a los incluidos en el Portal, entendi\u00e9ndose, salvo que se disponga otra cosa, que tales nuevos productos se regir\u00e1n por lo dispuesto en las Condiciones Generales \u00a0que se encuentren en vigor en ese momento.<\/p>\n<p>Asimismo, Bodegas Adri\u00e1 se reserva el derecho a dejar de facilitar el acceso, en cualquier momento y sin previo aviso, a cualquiera de los productos ofrecidos en el Portal.<\/p>\n<p>En el caso en que, por circunstancias de fuerza mayor, un producto no est\u00e9 disponible despu\u00e9s de haberse realizado la compra, Bodegas Adri\u00e1 informar\u00e1 al Usuario por email de la anulaci\u00f3n total o, en su caso, parcial del pedido. La anulaci\u00f3n parcial del pedido no da derecho a la anulaci\u00f3n de la totalidad del pedido, sin perjuicio del ejercicio del derecho de desistimiento que corresponde al Usuario de conformidad con lo establecido en los presentes T\u00e9rminos y Condiciones.<\/p>\n<p><strong>3.-\u00a0Sistema de compra de los productos<\/strong><\/p>\n<p>Para proceder a la compra del producto, el Usuario registrado o invitado, que deber\u00e1 ser mayor de dieciocho (18) a\u00f1os, deber\u00e1 seleccionar el producto que desea comprar y a\u00f1adirlo a la Cesta de la Compra. Una vez completada la selecci\u00f3n de productos objeto de compra, el Usuario deber\u00e1 pulsar el icono \u201cTerminar\u201d. A continuaci\u00f3n, se indicar\u00e1n los productos seleccionados para su compra y el Usuario deber\u00e1 seleccionar entre el env\u00edo de los productos al domicilio introducido en sus datos de registro (pudiendo elegir entre cualquiera de los domicilios contenidos en sus datos de registro) recoger el pedido en la\u00a0<strong>Ctra. Madrid-Coru\u00f1a, Km 408<br \/>\nVillafranca del Bierzo<\/strong><\/p>\n<p>. Por \u00faltimo, el usuario deber\u00e1 pulsar el icono \u201cPagar\u201d<\/p>\n<p>El nombre de Usuario, la direcci\u00f3n de correo electr\u00f3nico \u00a0y la contrase\u00f1a facilitados a Bodegas Adri\u00e1 son elementos identificadores y habilitadores para acceder y efectuar las compras y tienen car\u00e1cter personal e intransferible. El nombre del Usuario, la contrase\u00f1a y la direcci\u00f3n de correo electr\u00f3nico podr\u00e1n ser modificados,\u00a0 en cuyo caso la contrase\u00f1a, nombre de Usuario y\/o direcci\u00f3n de correo electr\u00f3nico modificadas perder\u00e1n su validez.<\/p>\n<p>Una vez finalizado el proceso de compra Bodegas Adri\u00e1 remitir\u00e1 al correo electr\u00f3nico facilitado por el Usuario, un email de confirmaci\u00f3n de la recepci\u00f3n del pedido dentro de las veinticuatro (24) horas siguientes a la realizaci\u00f3n del mismo. La confirmaci\u00f3n del pedido remitida por Bodegas Adri\u00e1 no tendr\u00e1 validez como factura, s\u00f3lo como comprobante de compra. El Departamento de Atenci\u00f3n al Cliente de Bodegas Adri\u00e1 remitir\u00e1 al Usuario la correspondiente factura en un plazo inferior a treinta (30) d\u00edas desde la ejecuci\u00f3n de la compra.<\/p>\n<p><strong>4.-\u00a0Precios de los productos<\/strong><\/p>\n<p>Los precios de los productos que se ofrecen a trav\u00e9s del Sitio Web incluyen todos los impuestos aplicables. Los gastos de env\u00edo de los productos por cuenta del comprador, se detallar\u00e1n y desglosar\u00e1n en la secci\u00f3n \u201cCarrito de la compra\u201d del Sitio Web.<\/p>\n<p>Bodegas Adri\u00e1 se reserva el derecho a modificar los precios reflejados en el Sitio Web, en cualquier momento. Los productos se facturar\u00e1n al precio en vigor reflejado en el Sitio Web, en el momento del registro del pedido.<\/p>\n<p>Los precios pueden variar de un canal a otro de BODEGAS ADRI\u00c1, pudiendo haber, por ejemplo, diferencias entre el precio web y el de las tiendas f\u00edsicas. Pueden existir promociones que s\u00f3lo afecten a uno de los canales. Cada canal (tienda) se reserva el derecho a realizar promociones propias.<\/p>\n<p><strong>5.-\u00a0Pago de los productos<\/strong><\/p>\n<p>El pago del precio de los bienes comprados y de los gastos de env\u00edo, los cuales aparecer\u00e1n en pantalla, se podr\u00e1 realizar mediante tarjeta de cr\u00e9dito o d\u00e9bito y mediante otros sistemas de pago indicados en cada momento en el Sitio Web.<\/p>\n<p>Para proceder al pago, el Usuario deber\u00e1 seguir las instrucciones que aparecen en pantalla en funci\u00f3n del sistema de pago elegido.<\/p>\n<p>Como sistema de pago electr\u00f3nico, Bodegas Adri\u00e1 est\u00e1 adscrita a la pasarela de pago de comercio electr\u00f3nico. Todos los datos proporcionados a estos efectos son encriptados bajo el protocolo SSL (Secure Socket Layers) para garantizar la m\u00e1xima seguridad de los mismos.<\/p>\n<p>El Usuario deber\u00e1 notificar a Bodegas Adri\u00e1, a trav\u00e9s de aperez@bodegasadria.com cualquier cargo indebido o fraudulento en la cuenta proporcionada para compras en el Sitio Web, en el menor plazo de tiempo posible, con el objeto de que Bodegas Adri\u00e1 pueda realizar las gestiones que considere convenientes.<\/p>\n<p><strong>6.-\u00a0Entrega de los productos<\/strong><\/p>\n<p>Bodegas Adri\u00e1 se obliga a entregar los productos adquiridos por el Usuario en el proceso de compra en el plazo m\u00e1s breve posible, y en todo caso, en el plazo de treinta (30) d\u00edas naturales a partir de la fecha de formulaci\u00f3n del pedido. La entrega se realizar\u00e1, en el domicilio se\u00f1alado a tal efecto en el proceso de registro en <u>Ctra. Madrid-Coru\u00f1a, Km 408 Villafranca del Bierzo<\/u> o en la web, no se entregar\u00e1n productos en apartados de correos ni locutorios.<\/p>\n<p>Bodegas Adri\u00e1 no ser\u00e1 responsable por los errores o perjuicios causados en la entrega cuando la direcci\u00f3n de entrega facilitada por el Usuario no se ajuste al lugar de entrega deseado por el mismo.<\/p>\n<p><strong>7.-\u00a0Devoluci\u00f3n de productos<\/strong><\/p>\n<p>(i) Derecho de desistimiento<\/p>\n<p>El Usuario dispondr\u00e1 de un plazo m\u00e1ximo de catorce (14) d\u00edas naturales desde la entrega del producto para desistir, total o parcialmente, de la compra del producto, de conformidad con la legislaci\u00f3n aplicable.<\/p>\n<p>Una vez finalizado el plazo de catorce (14) d\u00edas naturales, Bodegas Adri\u00e1 no aceptar\u00e1 devoluciones por desistimiento de compras de productos.<\/p>\n<p>En el supuesto de desistir de la compra de un producto, el Usuario deber\u00e1 ponerse en contacto con Bodegas Adri\u00e1 mediante el env\u00edo de un correo electr\u00f3nico a aperez@bodegasadria.com. Asimismo podr\u00e1 emplear el modelo de formulario de desistimiento que se encuentra disponible<u>.<\/u><\/p>\n<p>En todo caso, en el supuesto de desistir de la compra, deber\u00e1n cumplirse los siguientes requisitos:<\/p>\n<p>1) El producto debe estar en el mismo estado en que se entreg\u00f3 y deber\u00e1 conservar su embalaje y etiquetado original.<\/p>\n<p>2) La devoluci\u00f3n a Bodegas Adri\u00e1 debe hacerse usando la misma caja o sobre utilizado en la entrega o, en su defecto, en alg\u00fan formato similar que garantice la devoluci\u00f3n de los productos en perfecto estado.<\/p>\n<p>3) Deber\u00e1 incluirse una copia del justificante de compra y del albar\u00e1n de entrega de los productos dentro del paquete, donde adem\u00e1s se indiquen los productos devueltos y el motivo de la devoluci\u00f3n.<\/p>\n<p>Las devoluciones de los pedidos deber\u00e1n remitirse a la direcci\u00f3n de Bodegas Adri\u00e1, Ctra. Madrid-Coru\u00f1a, Km 407, 24500 Villafranca del Bierzo, Le\u00f3n. El Usuario asumir\u00e1 los gastos de env\u00edo por devoluci\u00f3n en caso de ejercicio del derecho de desistimiento.<\/p>\n<p>(ii) Devoluci\u00f3n de productos defectuosos<\/p>\n<p>Sin perjuicio de cualesquiera otros derechos que pudieran corresponderle, el Usuario tendr\u00e1 derecho al reembolso del precio de los productos defectuosos o de los productos entregados si no se corresponden con el pedido realizado por el Usuario. Alternativamente a lo anterior, el Usuario tendr\u00e1 derecho a reclamar, y que se le entregue, un producto igual, en perfecto estado.<\/p>\n<p>En los supuestos de devoluci\u00f3n a Bodegas Adri\u00e1 de productos defectuosos o que no se corresponden con su pedido, \u00e9sta deber\u00e1 realizarse por parte del Usuario mediante el procedimiento establecido en el apartado (i) anterior, si bien el Usuario, en este caso, no deber\u00e1 hacer frente a los costes de devoluci\u00f3n de dichos productos.<\/p>\n<p>Siempre que el Usuario haya seguido el procedimiento establecido en el apartado (i) anterior y se hayan cumplido los requisitos establecidos en este apartado, Bodegas Adri\u00e1 reembolsar\u00e1 el precio abonado correspondiente a los productos devueltos que sean defectuosos o que no se correspondan con el pedido de productos realizados por el Usuario, conforme a lo establecido en el apartado (iii) posterior.<\/p>\n<p>(iii) Reembolso del precio de los productos al Usuario<\/p>\n<p>Siempre que el Usuario haya seguido el procedimiento establecido en este apartado y se hayan cumplido los requisitos establecidos en el mismo, Bodegas Adri\u00e1 reembolsar\u00e1 el precio abonado por el Usuario correspondiente a los productos devueltos. En el caso de que la devoluci\u00f3n se realice en ejercicio del derecho de desistimiento del Usuario descrito en el apartado (i) Bodegas Adri\u00e1 no abonar\u00e1 ni har\u00e1 frente a los gastos y\/o costes de devoluci\u00f3n.<\/p>\n<p>El Usuario no tendr\u00e1 derecho al reembolso del precio de los productos devueltos que no se hallen en las mismas condiciones en que fueron entregados, o no se hayan cumplido los requisitos establecidos en los presentes T\u00e9rmino y Condiciones.<\/p>\n<p>Las devoluciones parciales de un pedido dar\u00e1n lugar al reembolso del precio correspondiente al producto o productos efectivamente devueltos.<\/p>\n<p>Bodegas Adri\u00e1 gestionar\u00e1 la orden de devoluci\u00f3n del precio mediante el mismo sistema de pago utilizado por el Usuario para la adquisici\u00f3n de los productos, en un plazo de treinta (30) d\u00edas desde la recogida del pedido devuelto y una vez Bodegas Adri\u00e1 haya comprobado que los productos objeto de devoluci\u00f3n cumplen con los requisitos establecidos en los apartados (i) y (ii) anteriores. La aplicaci\u00f3n de la devoluci\u00f3n del precio en la cuenta del Usuario depender\u00e1 de la entidad bancaria.<\/p>\n<p>&nbsp;<\/p>\n<p>La contrataci\u00f3n de los cursos de cata web\u00a0prev\u00e9n fecha\/s de ejecuci\u00f3n espec\u00edfica por lo que, al amparo de lo previsto en el art. 103 l) del Real Decreto Legislativo 1\/2007, de 16 de noviembre, en ning\u00fan caso ser\u00e1 aplicable al consumidor un derecho de desistimiento.<\/p>\n<p>&nbsp;<\/p>\n<p><strong>8.-\u00a0Modificaci\u00f3n de los T\u00e9rminos y Condiciones<\/strong><\/p>\n<p>Bodegas Adri\u00e1 se reserva el derecho de modificar, en cualquier momento y sin previo aviso, la presentaci\u00f3n y configuraci\u00f3n del Sitio Web, as\u00ed como los T\u00e9rminos y Condiciones. Los Usuarios siempre dispondr\u00e1n de estos T\u00e9rminos y Condiciones en un sitio visible, libremente accesible para cuantas consultas quiera realizar. Los Usuarios se comprometen a leer atentamente estos T\u00e9rminos y Condiciones cada vez que accedan a la tienda del Sitio Web. En cualquier caso, la aceptaci\u00f3n de los T\u00e9rminos y Condiciones ser\u00e1 un paso previo e indispensable a la contrataci\u00f3n de cualquier producto disponible a trav\u00e9s del Sitio Web.<\/p>\n<p>&nbsp;<\/p>\n<p><strong>9.-\u00a0Comunicaciones entre Bodegas Adri\u00e1 y el Usuario<\/strong><\/p>\n<p>Todas las comunicaciones entre Bodegas Adri\u00e1 y el Usuario relativas a estos T\u00e9rminos y Condiciones o a la adquisici\u00f3n de los productos a trav\u00e9s del Sitio Web, se realizar\u00e1n por escrito y de conformidad con los procedimientos de comunicaci\u00f3n establecidos en estes T\u00e9rminos y Condiciones para cada caso en particular.<\/p>\n<p>Para el resto de supuestos que no est\u00e9n expresamente regulados en estos T\u00e9rminos y Condiciones, las comunicaciones que el Usuario pretenda remitir a Bodegas Adri\u00e1 se dirigir\u00e1n a la direcci\u00f3n de Bodegas Adri\u00e1 indicada en la Condici\u00f3n Primera y se realizar\u00e1n por escrito y mediante un sistema que permita acreditar el contenido y la recepci\u00f3n por parte Bodegas Adri\u00e1 de la correspondiente comunicaci\u00f3n.<\/p>\n<p><strong>10.-\u00a0Integridad de las Condiciones Generales<\/strong><\/p>\n<p>Los presentes T\u00e9rminos y Condiciones, la\u00a0<u>Pol\u00edtica de Privacidad<\/u>\u00a0y el\u00a0<u>Aviso Legal<\/u>\u00a0constituyen la expresa y \u00fanica voluntad de Bodegas Adri\u00e1 y el Usuario en relaci\u00f3n con su objeto e invalida y sustituye cualesquiera otros acuerdos o contratos, verbales o por escrito, alcanzados por las partes con anterioridad.<\/p>\n<p><strong>11.-\u00a0Nulidad parcial<\/strong><\/p>\n<p>En caso de que cualquier Cl\u00e1usula de los presentes T\u00e9rminos y Condiciones sea declarada nula, se proceder\u00e1 a la retirada o sustituci\u00f3n de la misma. En cualquier caso, dicha declaraci\u00f3n de nulidad no afectar\u00e1 a la validez del resto de disposiciones recogidas en los presentes T\u00e9rminos y Condiciones.<\/p>\n<p><strong>12.-\u00a0Ley \u00a0y Jurisdicci\u00f3n aplicable<\/strong><\/p>\n<p>Los presentes T\u00e9rminos y Condiciones se rigen e interpretan de acuerdo con la ley espa\u00f1ola.<\/p>\n<p>En el caso de que se produzca cualquier tipo de discrepancia o reclamaci\u00f3n entre las partes en relaci\u00f3n con el cumplimiento o el contenido de los presentes T\u00e9rminos y Condiciones, las partes acuerdan someter la decisi\u00f3n del asunto planteado a los Juzgados y Tribunales competentes de acuerdo con la legislaci\u00f3n aplicable.[\/vc_column_text][\/vc_column][\/vc_row]<\/p>\n<\/div>","protected":false},"excerpt":{"rendered":"<p>[vc_row][vc_column][vc_column_text]T\u00e9rminos y Condiciones \u00a0 \u00a0 1.-\u00a0Objeto y generalidades Los presentes T\u00e9rmnos y Condiciones Generales de Contrataci\u00f3n (en adelante, \u201cT\u00e9rminos y Condiciones\u201d), junto con las condiciones particulares que puedan establecerse, regulan las condiciones de compra de productos a trav\u00e9s del sitio web\u00a0www.bodegasadria.com\u00a0(en adelante, el \u201cSitio Web\u201d o el \u201cPortal\u201d), \u00a0titularidad de&hellip;<\/p>\n","protected":false},"author":2,"featured_media":0,"parent":0,"menu_order":0,"comment_status":"closed","ping_status":"closed","template":"","meta":{"footnotes":""},"class_list":["post-316","page","type-page","status-publish","hentry"],"_links":{"self":[{"href":"https:\/\/www.bodegasadria.com\/en\/wp-json\/wp\/v2\/pages\/316","targetHints":{"allow":["GET"]}}],"collection":[{"href":"https:\/\/www.bodegasadria.com\/en\/wp-json\/wp\/v2\/pages"}],"about":[{"href":"https:\/\/www.bodegasadria.com\/en\/wp-json\/wp\/v2\/types\/page"}],"author":[{"embeddable":true,"href":"https:\/\/www.bodegasadria.com\/en\/wp-json\/wp\/v2\/users\/2"}],"replies":[{"embeddable":true,"href":"https:\/\/www.bodegasadria.com\/en\/wp-json\/wp\/v2\/comments?post=316"}],"version-history":[{"count":1,"href":"https:\/\/www.bodegasadria.com\/en\/wp-json\/wp\/v2\/pages\/316\/revisions"}],"predecessor-version":[{"id":317,"href":"https:\/\/www.bodegasadria.com\/en\/wp-json\/wp\/v2\/pages\/316\/revisions\/317"}],"wp:attachment":[{"href":"https:\/\/www.bodegasadria.com\/en\/wp-json\/wp\/v2\/media?parent=316"}],"curies":[{"name":"wp","href":"https:\/\/api.w.org\/{rel}","templated":true}]}}