{"id":314,"date":"2019-03-22T10:07:16","date_gmt":"2019-03-22T10:07:16","guid":{"rendered":"https:\/\/www.bodegasadria.com\/?page_id=314"},"modified":"2019-03-22T10:07:16","modified_gmt":"2019-03-22T10:07:16","slug":"aviso-legal","status":"publish","type":"page","link":"https:\/\/www.bodegasadria.com\/en\/aviso-legal\/","title":{"rendered":"AVISO LEGAL"},"content":{"rendered":"<div class=\"wpb-content-wrapper\"><p>[vc_row][vc_column][vc_column_text]<strong>AVISO LEGAL<\/strong><\/p>\n<p><strong>\u00a0<\/strong><\/p>\n<p><strong>1.- Titularidad de la P\u00e1gina Web<\/strong><\/p>\n<p>De acuerdo con lo dispuesto en el art\u00edculo 10 de la Ley 34\/2002, de 11 de julio, de Servicios de la Sociedad de la Informaci\u00f3n y de Comercio Electr\u00f3nico (en adelante, \u201cLSSI\u201d), ponemos en su conocimiento que la p\u00e1gina\u00a0<a href=\"https:\/\/www.lavinia.es\/\">www.bodegasadria.com<\/a>\u00a0(en adelante, el \u201cSitio Web\u201d o el \u201cPortal\u201d) es operada por Bodegas Adri\u00e1 S.L. (en adelante \u201cBodegas Adri\u00e1\u201d), con C.I.F. B-244160026, inscrita en el Registro Mercantil de Le\u00f3n, Tomo 920 Folio 110, Hoja LE-11851,Inscripcion 1 cuyo domicilio social se encuentra en Antigua carretera General Madrid-Coru\u00f1a km 407-408, en Villafranca del Bierzo, \u00a0Le\u00f3n.<\/p>\n<p>&nbsp;<\/p>\n<p><strong>2.<\/strong><strong>\u2010<\/strong><strong> Uso del Portal<\/strong><\/p>\n<p>El presente Aviso Legal (en adelante, \u201cAviso Legal\u201d), junto con las\u00a0<u>T\u00e9rminos y Condiciones<\/u>\u00a0(en adelante, \u201cT\u00e9rmino y Condiciones\u201d), establecen las condiciones que regulan la utilizaci\u00f3n de los servicios de la sociedad de la informaci\u00f3n que Bodegas Adri\u00e1 pone a disposici\u00f3n de los usuarios de la red Internet a trav\u00e9s del Sitio Web. Los aspectos relativos al tratamiento de los datos personales de los Usuarios con motivo del uso del Sitio Web se hallan regulados en la\u00a0<a href=\"https:\/\/www.lavinia.es\/es\/pages\/politica-de-privacidad\">Pol\u00edtica de Privacidad<\/a>.<\/p>\n<p>De este modo, el acceso y uso del Sitio Web suponen que el usuario del mismo (en adelante, el \u201cUsuario\u201d) acepta en su totalidad y se obliga a cumplir por completo el presente Aviso Legal y \u00a0los <u>T\u00e9rminos y Condiciones<\/u>.<\/p>\n<p>Por lo que se refiere al tratamiento de los datos personales, el Usuario deber\u00e1 expresar de forma inequ\u00edvoca su consentimiento a la\u00a0<a href=\"https:\/\/www.lavinia.es\/es\/pages\/politica-de-privacidad\">Pol\u00edtica de Privacidad<\/a>\u00a0. El consentimiento se prestar\u00e1 mediante la selecci\u00f3n de la casilla destinada a tal fin en la Pol\u00edtica de Privacidad tras haber le\u00eddo detenidamente los t\u00e9rminos de la misma.<\/p>\n<p>El acceso al Sitio Web es gratuito, salvo en lo relativo al coste de conexi\u00f3n a trav\u00e9s de la red de telecomunicaciones suministrada por el proveedor de acceso que hubiere contratado el Usuario.<\/p>\n<p>Bodegas Adri\u00e1 se reserva la facultad de efectuar, en cualquier momento y sin necesidad de previo aviso, modificaciones y actualizaciones del Sitio Web y sus contenidos, configuraci\u00f3n y presentaci\u00f3n, incluido este Aviso Legal y los\u00a0<u>T\u00e9rminos y Condiciones<\/u>, por lo que es necesario su lectura antes de cada acceso y navegaci\u00f3n por el Portal.<\/p>\n<p>El Usuario se compromete a no usar el Sitio Web con fines fraudulentos, as\u00ed como a no llevar a cabo conducta alguna que pudiera da\u00f1ar la imagen, los intereses y los derechos de Bodegas Adri\u00e1 o de terceros, oblig\u00e1ndose a utilizar el Portal, los servicios y los contenidos incluidos en el mismo de forma diligente, correcta y l\u00edcita. En particular, el Usuario se compromete a abstenerse de: suprimir, eludir o manipular el &#8220;copyright&#8221; y dem\u00e1s datos identificativos de los derechos de sus titulares incorporados a los contenidos del Portal, as\u00ed como los dispositivos t\u00e9cnicos de protecci\u00f3n, o cualesquiera mecanismos de informaci\u00f3n que pudieren incluir dichos contenidos. Asimismo, el Usuario se compromete a no realizar acto alguno con objeto de da\u00f1ar, inutilizar o sobrecargar el Sitio Web, o que impidiera, de cualquier forma, la normal utilizaci\u00f3n y funcionamiento del mismo.<\/p>\n<p>En caso de que incumpla este Aviso Legal y\/o los\u00a0<u>T\u00e9rminos y Condiciones<\/u>, o en Bodegas Adri\u00e1 sospechemos razonablemente que las est\u00e1 incumpliendo, Bodegas Adri\u00e1 se reserva el derecho a limitar, suspender o terminar su acceso al Sitio Web, adoptando cualquier medida t\u00e9cnica que sea necesaria con ese fin. Asimismo, Bodegas Adri\u00e1 se reserva la facultad de decidir, en cualquier momento, sobre la continuidad de los servicios que presta a trav\u00e9s del Portal.<\/p>\n<p>&nbsp;<\/p>\n<p><strong>3.<\/strong><strong>\u2010<\/strong><strong> Propiedad Intelectual e industrial<\/strong><strong>.<\/strong><\/p>\n<p>Los derechos de propiedad intelectual sobre la disposici\u00f3n de los contenidos del Sitio Web (incluido el derecho sui generis sobre la base de datos), su dise\u00f1o gr\u00e1fico (<em>look &amp;feel<\/em>), los signos distintivos (marcas y nombres comerciales), los programas de ordenador subyacentes (incluidos los c\u00f3digos fuente), as\u00ed como los distintos elementos que integran el Portal (textos, gr\u00e1ficos, fotograf\u00edas, videos, etc.) corresponden a Bodegas Adri\u00e1 o dispone en su caso, del derecho de uso y explotaci\u00f3n de los mismos, y en tal sentido constituyen obras protegidas por la legislaci\u00f3n de propiedad intelectual e industrial vigentes.<\/p>\n<p>El uso del Sitio Web por el Usuario en modo alguno supone la cesi\u00f3n de derecho alguno de propiedad intelectual y\/o industrial sobre el Portal, sus contenidos y\/o los signos distintivos de Bodegas Adri\u00e1 y\/o de las sociedades del Grupo Bodegas Adri\u00e1. A tal efecto, mediante el presente Aviso Legal, salvo en aquellos supuestos en los que est\u00e9 legalmente permitido, queda expresamente prohibido al Usuario la reproducci\u00f3n, transformaci\u00f3n, distribuci\u00f3n, comunicaci\u00f3n p\u00fablica, puesta a disposici\u00f3n, extracci\u00f3n y\/o reutilizaci\u00f3n del Sitio Web, sus contenidos y\/o los signos distintivos de Bodegas Adri\u00e1 y\/o de las sociedades del Grupo Bodegas Adri\u00e1.<\/p>\n<p>Queda expresa y terminantemente prohibida la reproducci\u00f3n de elementos o contenidos del Sitio Web realizada con \u00e1nimo de lucro o fines comerciales.<\/p>\n<p>&nbsp;<\/p>\n<p><strong>4.<\/strong><strong>\u2010<\/strong><strong> Limitaci\u00f3n de Responsabilidad<\/strong><\/p>\n<p>El Usuario reconoce y acepta que el uso del Sitio Web se realiza en todo momento bajo su entero riesgo y responsabilidad, por lo que Bodegas Adri\u00e1 no se responsabiliza del mal uso o uso indebido que pueda realizarse del Portal. A tal efecto, \u00fanicamente ser\u00e1 responsable de los da\u00f1os que el Usuario pueda sufrir por el uso del Sitio Web, cuando dichos da\u00f1os sean debidos a nuestra actuaci\u00f3n dolosa.<\/p>\n<p>En particular, Bodegas Adri\u00e1 no ser\u00e1 responsable de:<\/p>\n<p>&#8211;\u00a0\u00a0\u00a0\u00a0\u00a0 El contenido de los sitios enlazados a trav\u00e9s de los links incluidos dentro del Sitio Web. A este respecto, resultar\u00e1n de aplicaci\u00f3n los t\u00e9rminos recogidos en el apartado 5 del presente Aviso Legal.<\/p>\n<p>&#8211;\u00a0\u00a0\u00a0\u00a0\u00a0 Los da\u00f1os y perjuicios de cualquier tipo causados en los equipos inform\u00e1ticos del Usuario por virus, gusanos, troyanos o cualquier otro elemento da\u00f1ino. El Usuario reconoce que el uso de la red Internet supone la asunci\u00f3n de un riesgo de que sus equipos inform\u00e1ticos puedan ser afectados por los elementos antes enunciados. A tal efecto, corresponde al Usuario, en todo caso, la disponibilidad de herramientas adecuadas para la detecci\u00f3n y eliminaci\u00f3n de programas electr\u00f3nicos da\u00f1inos.<\/p>\n<p>&#8211;\u00a0\u00a0\u00a0\u00a0\u00a0 Los da\u00f1os y perjuicios de cualquier tipo producidos al Usuario que traigan causa en fallos o desconexiones en las redes de telecomunicaciones que produzcan la suspensi\u00f3n, cancelaci\u00f3n o interrupci\u00f3n del servicio del Sitio Web durante la prestaci\u00f3n del mismo o con car\u00e1cter previo. A este respecto, el Usuario reconoce que el acceso al Portal requiere de servicios suministrados por terceros ajenos al control de Bodegas Adri\u00e1 (a modo de ejemplo: operadores de redes de telecomunicaciones, proveedores de acceso, etc.) cuya fiabilidad, calidad, continuidad y funcionamiento no corresponde a Bodegas Adri\u00e1.<\/p>\n<p>&nbsp;<\/p>\n<p><strong>5.- Enlaces (Links)<\/strong><\/p>\n<p>El Sitio Web incluye dispositivos t\u00e9cnicos de enlace (links) que permiten al Usuario acceder a otras p\u00e1ginas y portales de Internet (en adelante, \u201cSitios Enlazados\u201d). En estos casos, Bodegas Adri\u00e1 act\u00faa como un prestador de servicios de intermediaci\u00f3n de conformidad con el art\u00edculo 17 de la LSSI, y s\u00f3lo ser\u00e1 responsable de los contenidos y servicios suministrados en los Sitios Enlazados en la medida en que tenga conocimiento efectivo de la ilicitud y no haya desactivado el enlace con la diligencia debida. En el supuesto de que el Usuario considere que existe un Sitio Enlazado con contenidos il\u00edcitos o inadecuados, rogamos lo comunique a Bodegas Adri\u00e1 a trav\u00e9s de aperez@bodegasadria.com. En ning\u00fan caso, esta comunicaci\u00f3n conllevar\u00e1 la obligaci\u00f3n de retirar el correspondiente enlace.<\/p>\n<p>La existencia de Sitios Enlazados en modo alguno implica que Bodegas Adri\u00e1 tiene conocimiento efectivo o de ning\u00fan otro tipo de los servicios y contenidos de los mismos en caso de ilicitud, ni que mantenga necesariamente acuerdos con los responsables o titulares de los Sitios Enlazados. Tampoco comporta la existencia de dichos links recomendaci\u00f3n, promoci\u00f3n, identificaci\u00f3n o conformidad de Bodegas Adri\u00e1 con las manifestaciones, contenidos o servicios prove\u00eddos a trav\u00e9s de los Sitios Enlazados. En consecuencia, Bodegas Adri\u00e1 no se hace responsable del contenido de los Sitios Enlazados, ni de sus condiciones de uso y pol\u00edticas de confidencialidad, siendo el Usuario el \u00fanico responsable de comprobarlos y aceptarlos cada vez que acceda y use los mismos.<\/p>\n<p>El Usuario y, en general, cualquier persona f\u00edsica o jur\u00eddica que se proponga establecer un enlace desde su p\u00e1gina o sitio al Portal, deber\u00e1 obtener una autorizaci\u00f3n previa y por escrito de Bodegas Adri\u00e1. El establecimiento de dicho enlace, no implica en ning\u00fan caso la existencia de relaciones entre Bodegas Adri\u00e1 y el propietario o titular del sitio o p\u00e1gina en la que se establezca el mismo, ni la aceptaci\u00f3n o aprobaci\u00f3n por parte de Bodegas Adri\u00e1 de sus contenidos o servicios.<\/p>\n<p>En cualquier caso, Bodegas Adri\u00e1 se reserva el derecho a prohibir o inutilizar en cualquier momento los enlaces al Sitio Web, especialmente en los supuestos de ilicitud de la actividad o contenidos de la p\u00e1gina o sitio en el que se incluye el mismo.<\/p>\n<p>&nbsp;<\/p>\n<p><strong>6.- Cookies<\/strong><\/p>\n<p>Bodegas Adri\u00e1 utiliza cookies \u00fanicamente con el fin de facilitar la navegaci\u00f3n, mantener la seguridad, verificar la identidad del Usuario y facilitar su uso del Portal. Las\u00a0cookies son archivos instalados en el disco duro del ordenador o bien en la memoria del navegador en la carpeta preconfigurada por el sistema operativo del ordenador del Usuario para identificarle.<\/p>\n<p>El Usuario podr\u00e1 desactivar las cookies libremente. En caso de que el Usuario decida desactivar las cookies, la calidad y rapidez del servicio pueden disminuir e, incluso, perder\u00e1 el acceso a algunos de los servicios ofrecidos en el Portal.<\/p>\n<p>&nbsp;<\/p>\n<p><strong>7.- Generalidades<\/strong><\/p>\n<p>El uso del Sitio Web est\u00e1 regido e interpretado de acuerdo con la ley espa\u00f1ola y se entender\u00e1 que, por el uso del Portal, el Usuario est\u00e1 de acuerdo en que cualquier conflicto o litigio que surja entre el usuario y Bodegas Adri\u00e1 ser\u00e1 tratado por los juzgados y tribunales competentes de acuerdo con la legislaci\u00f3n aplicable.<\/p>\n<p>En el caso de que alguna de las disposiciones contenidas en el presente Aviso Legal sea declarada nula, se proceder\u00e1 a la retirada o sustituci\u00f3n de la misma. En cualquier caso, dicha declaraci\u00f3n de nulidad no afectar\u00e1 a la validez del resto de disposiciones recogidas en el presente Aviso Legal.<\/p>\n<p>Le informamos que Bodegas Adri\u00e1 ha obtenido el Certificado Electr\u00f3nico de Seguridad en Comercio Electr\u00f3nico otorgado por la empresa Lider It Consulting.<\/p>\n<p>Asimismo, Bodegas Adri\u00e1 colabora con el programa Vino con Moderaci\u00f3n, una iniciativa del sector vitivin\u00edcola europeo, cuyo objetivo es promover la moderaci\u00f3n y la responsabilidad en el consumo de vino y contribuir a la prevenci\u00f3n del consumo excesivo o indebido de bebidas alcoh\u00f3licas en Europa.[\/vc_column_text][\/vc_column][\/vc_row]<\/p>\n<\/div>","protected":false},"excerpt":{"rendered":"<p>[vc_row][vc_column][vc_column_text]AVISO LEGAL \u00a0 1.- Titularidad de la P\u00e1gina Web De acuerdo con lo dispuesto en el art\u00edculo 10 de la Ley 34\/2002, de 11 de julio, de Servicios de la Sociedad de la Informaci\u00f3n y de Comercio Electr\u00f3nico (en adelante, \u201cLSSI\u201d), ponemos en su conocimiento que la p\u00e1gina\u00a0www.bodegasadria.com\u00a0(en adelante, el&hellip;<\/p>\n","protected":false},"author":2,"featured_media":0,"parent":0,"menu_order":0,"comment_status":"closed","ping_status":"closed","template":"","meta":{"footnotes":""},"class_list":["post-314","page","type-page","status-publish","hentry"],"_links":{"self":[{"href":"https:\/\/www.bodegasadria.com\/en\/wp-json\/wp\/v2\/pages\/314","targetHints":{"allow":["GET"]}}],"collection":[{"href":"https:\/\/www.bodegasadria.com\/en\/wp-json\/wp\/v2\/pages"}],"about":[{"href":"https:\/\/www.bodegasadria.com\/en\/wp-json\/wp\/v2\/types\/page"}],"author":[{"embeddable":true,"href":"https:\/\/www.bodegasadria.com\/en\/wp-json\/wp\/v2\/users\/2"}],"replies":[{"embeddable":true,"href":"https:\/\/www.bodegasadria.com\/en\/wp-json\/wp\/v2\/comments?post=314"}],"version-history":[{"count":1,"href":"https:\/\/www.bodegasadria.com\/en\/wp-json\/wp\/v2\/pages\/314\/revisions"}],"predecessor-version":[{"id":315,"href":"https:\/\/www.bodegasadria.com\/en\/wp-json\/wp\/v2\/pages\/314\/revisions\/315"}],"wp:attachment":[{"href":"https:\/\/www.bodegasadria.com\/en\/wp-json\/wp\/v2\/media?parent=314"}],"curies":[{"name":"wp","href":"https:\/\/api.w.org\/{rel}","templated":true}]}}