{"id":312,"date":"2019-03-22T10:05:12","date_gmt":"2019-03-22T10:05:12","guid":{"rendered":"https:\/\/www.bodegasadria.com\/?page_id=312"},"modified":"2019-03-22T10:05:12","modified_gmt":"2019-03-22T10:05:12","slug":"politica-de-cookies","status":"publish","type":"page","link":"https:\/\/www.bodegasadria.com\/en\/politica-de-cookies\/","title":{"rendered":"POL\u00cdTICA DE COOKIES"},"content":{"rendered":"<div class=\"wpb-content-wrapper\"><p>[vc_row][vc_column][vc_column_text]<strong>POL\u00cdTICA DE COOKIES<\/strong><\/p>\n<p><strong>\u00a0<\/strong><\/p>\n<p><strong>BODEGAS ADRI\u00c1, S.L., (\u201cBODEGAS ADRI\u00c1\u201d)<\/strong> por su propia cuenta o la de un tercero contratado para la prestaci\u00f3n de servicios de an\u00e1lisis, publicidad o interacci\u00f3n, utiliza cookies cuando el Usuario navega por el sitio web\u00a0<strong>www.bodegasadria.com\u00a0<\/strong>y sus subdominios (en adelante, &#8220;el Sitio Web&#8221;).<\/p>\n<p>Una cookie es un fichero que se descarga en el ordenador del Usuario al acceder a determinados sitios web, permitiendo a \u00e9stos, entre otras cosas, almacenar y recuperar informaci\u00f3n sobre los h\u00e1bitos de navegaci\u00f3n del Usuario o de su equipo y, dependiendo de la informaci\u00f3n que contengan y de la forma en que utilice su equipo, pueden utilizarse para reconocer un Usuario.<\/p>\n<p>Las cookies utilizadas por este Sitio Web, as\u00ed como su finalidad se describen a continuaci\u00f3n:<\/p>\n<p>&nbsp;<\/p>\n<ul>\n<li><strong>Cookies de navegaci\u00f3n<\/strong>: Son aqu\u00e9llas que, tratadas por BODEGAS ADRI\u00c1 permiten al Usuario iniciar sesi\u00f3n para que pueda navegar por el Sitio Web sin tener que introducir sus datos continuamente y nos permiten prestar el servicio solicitado por el Usuario as\u00ed como una experiencia de navegaci\u00f3n personalizada.<\/li>\n<li><strong>Cookies persistentes de an\u00e1lisis<\/strong>(Google\/Universal Analytics, Google Adwords, Splio etc.): Son aqu\u00e9llas que, tratadas por terceros, nos permiten cuantificar el n\u00famero de usuarios, analizar su comportamiento de navegaci\u00f3n y realizar el an\u00e1lisis estad\u00edstico de la utilizaci\u00f3n que hacen los usuarios de nuestros servicios. Para ello se analiza su navegaci\u00f3n en nuestro Sitio Web con el fin de mejorar la experiencia de navegaci\u00f3n y los servicios que ofrecemos. Los datos obtenidos mediante este tipo de cookies permanecer\u00e1n almacenados en el terminal del Usuario pudiendo ser tratados en cada acceso del mismo al Sitio Web hasta que se produzca la caducidad de las cookies o el propio Usuario las elimine.<\/li>\n<li><strong>Cookies persistentes de publicidad comportamental<\/strong>(Adgravity, Adsalsa, Antevenio, Bing, Cactus Road, Criteo, Facebook, Google Adwords, Gu\u00eda de Prensa, iBrands, Inka Marketing, Leads Global, Outbrain, Premier Leads, Prisa, Public Ideas, Smart4ads, Taboola, Tradedoubler Twitter, Unidad Editoral, Vocento, Youtube etc.): Son aqu\u00e9llas que, tratadas por terceros, nos permiten gestionar y medir la eficacia de la publicidad de terceros hac\u00eda nuestro Sitio Web as\u00ed como facilitar informaci\u00f3n de los h\u00e1bitos de navegaci\u00f3n del Usuario en nuestro Sitio Web a la red publicitaria con el fin de mostrarle publicidad conforme a su navegaci\u00f3n, permitiendo la creaci\u00f3n de un perfil espec\u00edfico.<\/li>\n<li><strong>Cookies persistentes de interacci\u00f3n<\/strong>(Zendesk\/Zopim): Son aqu\u00e9llas que, tratadas terceros, nos permiten interactuar con nuestros usuarios de forma personalizada e instant\u00e1nea v\u00eda un formulario de contacto y un servicio de chat.<\/li>\n<\/ul>\n<p>&nbsp;<\/p>\n<p>En relaci\u00f3n con las cookies de terceros, le sugerimos que consulte su p\u00e1gina web para obtener informaci\u00f3n adicional sobre dichas cookies.<\/p>\n<p>El Usuario puede gestionar las cookies de su navegador a trav\u00e9s de la configuraci\u00f3n de su navegador. Le invitamos a consultar la secci\u00f3n ayuda de su navegador para obtener m\u00e1s informaci\u00f3n sobre c\u00f3mo gestionar las cookies (eliminar, no aceptar nuevas cookies, ser notificado en caso de nueva cookie etc.).<\/p>\n<p>El hecho de continuar navegando por el Sitio Web implica la aceptaci\u00f3n de la instalaci\u00f3n de las cookies indicadas. En este sentido, &#8220;continuar navegando&#8221; significa hacer clic en cualquier bot\u00f3n, check box o link del Sitio Web, hacer \u201cscroll\u201d, as\u00ed como descargar cualquier contenido ofrecido en el mismo.<\/p>\n<p>&nbsp;<\/p>\n<p><strong>\u00daltima actualizaci\u00f3n: 14 de Marzo de 2019<\/strong>[\/vc_column_text][\/vc_column][\/vc_row]<\/p>\n<\/div>","protected":false},"excerpt":{"rendered":"<p>[vc_row][vc_column][vc_column_text]POL\u00cdTICA DE COOKIES \u00a0 BODEGAS ADRI\u00c1, S.L., (\u201cBODEGAS ADRI\u00c1\u201d) por su propia cuenta o la de un tercero contratado para la prestaci\u00f3n de servicios de an\u00e1lisis, publicidad o interacci\u00f3n, utiliza cookies cuando el Usuario navega por el sitio web\u00a0www.bodegasadria.com\u00a0y sus subdominios (en adelante, &#8220;el Sitio Web&#8221;). Una cookie es un&hellip;<\/p>\n","protected":false},"author":2,"featured_media":0,"parent":0,"menu_order":0,"comment_status":"closed","ping_status":"closed","template":"","meta":{"footnotes":""},"class_list":["post-312","page","type-page","status-publish","hentry"],"_links":{"self":[{"href":"https:\/\/www.bodegasadria.com\/en\/wp-json\/wp\/v2\/pages\/312","targetHints":{"allow":["GET"]}}],"collection":[{"href":"https:\/\/www.bodegasadria.com\/en\/wp-json\/wp\/v2\/pages"}],"about":[{"href":"https:\/\/www.bodegasadria.com\/en\/wp-json\/wp\/v2\/types\/page"}],"author":[{"embeddable":true,"href":"https:\/\/www.bodegasadria.com\/en\/wp-json\/wp\/v2\/users\/2"}],"replies":[{"embeddable":true,"href":"https:\/\/www.bodegasadria.com\/en\/wp-json\/wp\/v2\/comments?post=312"}],"version-history":[{"count":1,"href":"https:\/\/www.bodegasadria.com\/en\/wp-json\/wp\/v2\/pages\/312\/revisions"}],"predecessor-version":[{"id":313,"href":"https:\/\/www.bodegasadria.com\/en\/wp-json\/wp\/v2\/pages\/312\/revisions\/313"}],"wp:attachment":[{"href":"https:\/\/www.bodegasadria.com\/en\/wp-json\/wp\/v2\/media?parent=312"}],"curies":[{"name":"wp","href":"https:\/\/api.w.org\/{rel}","templated":true}]}}